{"id":3914,"date":"2022-03-07T12:27:56","date_gmt":"2022-03-07T11:27:56","guid":{"rendered":"https:\/\/www.lan1.de\/agb\/"},"modified":"2022-03-07T12:27:56","modified_gmt":"2022-03-07T11:27:56","slug":"agb","status":"publish","type":"page","link":"https:\/\/www.lan1.de\/en\/agb\/","title":{"rendered":"AGB"},"content":{"rendered":"\t\t<div data-elementor-type=\"wp-page\" data-elementor-id=\"3914\" class=\"elementor elementor-3914 elementor-740\" data-elementor-post-type=\"page\">\n\t\t\t\t\t\t<section class=\"elementor-section elementor-top-section elementor-element elementor-element-f81d0c3 elementor-section-boxed elementor-section-height-default elementor-section-height-default\" data-id=\"f81d0c3\" data-element_type=\"section\" data-e-type=\"section\">\n\t\t\t\t\t\t<div class=\"elementor-container elementor-column-gap-default\">\n\t\t\t\t\t<div class=\"elementor-column elementor-col-100 elementor-top-column elementor-element elementor-element-fd9f820\" data-id=\"fd9f820\" data-element_type=\"column\" data-e-type=\"column\">\n\t\t\t<div class=\"elementor-widget-wrap elementor-element-populated\">\n\t\t\t\t\t\t<div class=\"elementor-element elementor-element-0a62864 elementor-widget elementor-widget-text-editor\" data-id=\"0a62864\" data-element_type=\"widget\" data-e-type=\"widget\" data-widget_type=\"text-editor.default\">\n\t\t\t\t<div class=\"elementor-widget-container\">\n\t\t\t\t\t\t\t\t\t<div class=\"flex_column av_one_full flex_column_div first avia-builder-el-2 el_after_av_hr el_before_av_one_full \"><div class=\"av-special-heading av-special-heading-h2 blockquote modern-quote modern-centered avia-builder-el-3 avia-builder-el-no-sibling \"><h2 class=\"av-special-heading-tag \">Allgemeine Gesch\u00e4ftsbedingungen f\u00fcr Hotspot Dienstleistungen gegen\u00fcber Privatpersonen (AGB Hotspot Dienstleistungen \u2013 Verbraucher)<\/h2><\/div><\/div><div class=\"flex_column av_one_full flex_column_div first avia-builder-el-4 el_after_av_one_full el_before_av_hr column-top-margin\"><section class=\"av_textblock_section \"><div class=\"avia_textblock \"><div class=\"REboxBlueContent\"><div id=\"c603\" class=\"csc-default\"><div class=\"csc-textpic-text\"><p><strong>\u00a7 1 Geltungsbereich<\/strong><\/p><p>(1) Die vorliegenden Gesch\u00e4ftsbedingungen enthalten die zwischen Ihnen und uns, der Firma LAN1 Hotspots GmbH in 22765 Hamburg, Gau\u00dfstra\u00dfe 158 ausschlie\u00dflich geltenden Bedingungen f\u00fcr die Nutzung unserer drahtlosen Zug\u00e4nge zum Internet nach WLAN-Standard (sog. Hotspots), soweit diese nicht durch schriftliche Vereinbarungen zwischen den Parteien abge\u00e4ndert werden.<\/p><p>(2) \u00c4nderungen dieser Gesch\u00e4ftsbedingungen werden Ihnen schriftlich, per Telefax oder per E-Mail mitgeteilt. Widersprechen Sie dieser \u00c4nderung nicht innerhalb von zwei Wochen nach Zugang der Mitteilung, gelten die \u00c4nderungen als durch Sie anerkannt. Auf das Widerspruchsrecht und die Rechtsfolgen des Schweigens werden Sie im Falle der \u00c4nderung der Gesch\u00e4ftsbedingungen noch gesondert hingewiesen.<\/p><p><strong>\u00a7\u00a02 Vertragsschluss<\/strong><\/p><p>(1) Die Pr\u00e4sentation unserer Dienstleistungen stellt kein bindendes Angebot unsererseits dar. Erst die Bestellung einer Dienstleistung durch Sie ist ein bindendes Angebot nach \u00a7 145 BGB.<\/p><p>(2) Die Annahme Ihres Angebots kann abgelehnt werden, wenn ein sachlicher Grund vorliegt, z.B. Sie unrichtige Angaben machen, Ihren Zahlungsverpflichtungen voraussichtlich nicht nachkommen werden oder der begr\u00fcndete Verdacht besteht, dass Sie die Leistungen missbr\u00e4uchlich nutzen wollen.<\/p><p><strong>\u00a7\u00a03 Widerrufsrecht<\/strong><\/p><p>Sie haben ein Widerrufsrecht. Hinsichtlich der Voraussetzungen und Rechtsfolgen des Widerrufsrechts wird auf die Widerrufsbelehrung verwiesen.<\/p><p><strong>\u00a7\u00a04 Leistungen<\/strong><\/p><p>(1) Wir unterst\u00fctzen Sie als Kunden beim Zugang zum Internet zum Abruf der dort verf\u00fcgbaren Inhalte. Dazu \u00fcbernehmen wir f\u00fcr den Kunden die Vermittlung von Daten aus und zu Teilnetzen des Internets \u00fcber das von uns betriebene Datennetz.<\/p><p>(2) Unsere Leistungen beschr\u00e4nken sich allein auf die Vermittlung der von Ihnen als Kunde initiierten Datenkommunikation zwischen Ihrem Anschluss und dem \u00dcbergabepunkt an das Internet. Eine Einflussnahme auf den Datenverkehr au\u00dferhalb des eigenen Kommunikationsnetzes ist uns als Provider nicht m\u00f6glich. Eine erfolgreiche Weiterleitung von Informationen von oder zu dem vom Kunden angesprochenen Zielrechner ist insoweit nicht geschuldet.<\/p><p><strong>\u00a7\u00a05 Verf\u00fcgbarkeit<\/strong><\/p><p>(1) Wir werden die Leistungen nach \u00a7 4 im Rahmen der bestehenden technischen und betrieblichen M\u00f6glichkeiten anbieten. Aus technischen Gr\u00fcnden kann eine bestimmte \u00dcbertragungsgeschwindigkeit oder eine zu jeder Zeit freie Leitung nicht garantiert werden, da dies auch von der Anzahl der Nutzer des jeweiligen Hotspots sowie von dessen atmosph\u00e4rischen, baulichen und geografischen Besonderheiten abh\u00e4ngig ist (z.B. Einfl\u00fcsse durch Wasserreflektionen in H\u00e4fen oder durch B\u00e4ume auf Campingpl\u00e4tzen). Zeitweilige St\u00f6rungen, Beschr\u00e4nkungen oder Unterbrechungen k\u00f6nnen sich auch aus Gr\u00fcnden h\u00f6herer Gewalt, insbesondere in Not- und Katastrophenf\u00e4llen, Unterbrechungen der Stromversorgung, Streiks, Aussperrungen und beh\u00f6rdlichen Anordnungen ergeben.<br \/>Wir werden alle zumutbaren Anstrengungen unternehmen, um solche St\u00f6rungen baldm\u00f6glichst zu beseitigen bzw. auf deren Beseitigung hinzuwirken.<\/p><p>(2) Absatz 1 gilt entsprechend f\u00fcr St\u00f6rungen, Beschr\u00e4nkungen oder Unterbrechungen von Telekommunikations-anlagen Dritter, die von uns zur Erf\u00fcllung der Verpflichtungen aus diesem Vertrag benutzt werden.<\/p><p><strong>\u00a7\u00a06 Bereitstellung der Leistungen<\/strong><\/p><p>(1) Die Leistungen werden Ihnen ab Zugang der Zugangsdaten zur Verf\u00fcgung gestellt.<\/p><p>(2) Die f\u00fcr die Autorisierung der Inanspruchnahme der Leistungen verwendeten Usernamen und Passw\u00f6rter haben Sie als Kunde geheim zu halten und daf\u00fcr Sorge zu tragen, dass diese Dritten nicht zug\u00e4nglich sind.<\/p><p><strong>\u00a7\u00a07 Reseller-Ausschluss<\/strong><\/p><p>Sie d\u00fcrfen die von uns zur Verf\u00fcgung gestellten Leistungen zu gewerblichen Zwecken Dritten nicht zur Nutzung \u00fcberlassen.<\/p><p><strong>\u00a7\u00a08 Mitwirkungsleistungen und Verpflichtungen des Kunden<\/strong><\/p><p>(1) Sie \u00fcbernehmen es als eigene Mitwirkungsleistung, sich mit einem geeigneten Endger\u00e4t die Voraussetzungen zu schaffen, Daten mit uns als dem Provider auszutauschen. Der nach Anmeldung generierte Datenverkehr zwischen Endger\u00e4t und Hotspot wird unverschl\u00fcsselt \u00fcbertragen. Eine Sicherung des Datenverkehrs innerhalb des WLAN-Systems kann erst durch Nutzung einer speziellen Sicherungssoftware durch Sie als Kunden erfolgen. Die Einzelheiten der Ihnen obliegenden erforderlichen Mitwirkungsleistungen ergeben sich aus den im Anhang aufgef\u00fchrten Technischen Spezifikationen.<\/p><p>(2) Sie verpflichten sich unsere Dienste weder zur Verbreitung noch zum Abruf rechts- und sittenwidriger Informationen im Internet noch anderweitig missbr\u00e4uchlich zu nutzen. Dies gilt insbesondere in Hinblick auf die Einhaltung der gesetzlichen Bestimmungen des Jugendschutzes, die Beachtung fremder Schutzrechte (z.B. Urheberrechte, Markenrechte, Patentrechte), die Verbreitung verleumderischer, beleidigender oder volksverhetzender Inhalte oder die \u00dcbertragung und Verbreitung von Computerviren (z.B. \u201eTrojanische Pferde\u201c).<\/p><p>(3) Sie sind f\u00fcr die Inhalte, welche Sie \u00fcber den Hotspot aus dem Internet abrufen oder bereitstellen selbst verantwortlich. Eine inhaltliche \u00dcberpr\u00fcfung durch uns findet nicht statt.<\/p><p><strong>\u00a7\u00a09 Zahlungsbedingungen<\/strong><\/p><p>(1) Um unsere Zugangsleistungen an den kostenpflichtigen Hotspots nutzen zu k\u00f6nnen,\u00a0m\u00fcssen Sie\u00a0zun\u00e4chst eine Zugangskarte (sog. VoucherCard) erwerben, welche ein bestimmtes Zeitguthaben (Zeitguthabenkarte) aufweist\u00a0oder f\u00fcr einen bestimmten Zeitraum gilt\u00a0(Zeitablaufkarten). Sie k\u00f6nnen die Zugangsberechtigungen\u00a0f\u00fcr\u00a0kostenpflichtige Hotspots auch\u00a0in\u00a0unserem Shop unter <a href=\"https:\/\/www.shop.lan1.de\/\">shop.lan1.de<\/a>\u00a0erhalten. Der Onlineerwerb f\u00fcr kostenpflichtige Hotspots ist jedoch nicht f\u00fcr alle Standorte gew\u00e4hrleistet. Sie sind als Kunde insofern vorleistungspflichtig.<\/p><p><strong>\u00a7\u00a010 Hotline<\/strong><\/p><p>(1) Wir stellen Ihnen zur Unterst\u00fctzung in technischen Fragen eine Hotline zur Verf\u00fcgung, die \u00fcber Telefon zu erreichen ist. Die Kontaktdaten kann der Kunde den Technischen Spezifikationen entnehmen.<\/p><p>(2) Die Hotline dient allein Ihrer Unterst\u00fctzung in allen mit der Inanspruchnahme unserer Leistungen zusammen-h\u00e4ngenden Angelegenheiten, auf die Sie durch Einrichtung und Benutzung der Ihnen von uns \u00fcberlassenen Zugangssoftware Einfluss nehmen kann.<\/p><p>(3) Kundenanfragen an die Hotline werden in der Reihenfolge ihres Einganges bearbeitet.<\/p><p><strong>\u00a7\u00a011 Haftung<\/strong><\/p><p>(1)\u00a0Wir haften f\u00fcr Vorsatz und grobe Fahrl\u00e4ssigkeit. Ferner haften wir f\u00fcr die fahrl\u00e4ssige Verletzung von Pflichten, deren Erf\u00fcllung die ordnungsgem\u00e4\u00dfe Durchf\u00fchrung des Vertrages \u00fcberhaupt erst erm\u00f6glicht, deren Verletzung die Erreichung des Vertragszwecks gef\u00e4hrdet und auf deren Einhaltung Sie als Kunde regelm\u00e4\u00dfig vertrauen. Im letztgenannten Fall haften wir jedoch nur f\u00fcr den vorhersehbaren, vertragstypischen Schaden. Wir haften nicht f\u00fcr die leicht fahrl\u00e4ssige Verletzung anderer als der in den vorstehenden S\u00e4tzen genannten Pflichten.<\/p><p>Die vorstehenden Haftungsausschl\u00fcsse gelten nicht bei Verletzung von Leben, K\u00f6rper und Gesundheit. Die Haftung nach Produkthaftungsgesetz bleibt unbe\u00adr\u00fchrt.<\/p><p>(2)\u00a0Die Datenkommunikation \u00fcber das Internet kann nach dem derzeitigen Stand der Technik nicht fehlerfrei und\/oder jederzeit verf\u00fcgbar gew\u00e4hrleistet werden. Wir haften insoweit weder f\u00fcr die st\u00e4ndige noch ununterbrochene Verf\u00fcgbarkeit unseres Online-Dienstleistungssystems.<\/p><p>(3) F\u00fcr den Verlust von Daten und\/oder Programmen haften wir insoweit nicht, als der Schaden darauf beruht, dass Sie es unterlassen haben, Datensicherungen durchzuf\u00fchren und dadurch sicherzustellen, dass verloren gegangene Daten mit vertretbarem Aufwand wiederhergestellt werden k\u00f6nnen.<\/p><p>(4) Sie sind verpflichtet uns von s\u00e4mtlichen Anspr\u00fcchen Dritter freizustellen, welche sich aus Verst\u00f6\u00dfen gegen die in \u00a7 8 dieses Vertrages genannten Verpflichtungen ergeben.<\/p><p>(5) Versto\u00dfen Sie gegen Ihre Verpflichtungen aus \u00a7 8 Absatz 2 dieses Vertrages, sind wir berechtigt, alle erforderlichen Ma\u00dfnahmen zur Beseitigung der missbr\u00e4uchlichen Nutzung zu ergreifen. Dies beinhaltet insbesondere die sofortige Sperrung Ihrer Zugangsberechtigung f\u00fcr die Nutzung unserer Dienste. Bei schuldhafter Pflichtverletzung haften Sie uns gegen\u00fcber auf Schadensersatz.<\/p><p><strong>\u00a7\u00a012 Vertragslaufzeit<\/strong><\/p><p>(1) Das Recht zur K\u00fcndigung aus wichtigem Grund bleibt unber\u00fchrt.<\/p><p>(2) Jede K\u00fcndigung bedarf der Schriftform.<\/p><p><strong>\u00a7\u00a013 Datenschutz<\/strong><\/p><p>Personenbezogene Daten werden entsprechend der aktuellen Fassung unserer\u00a0Datenschutzerkl\u00e4rung\u00a0erhoben und verarbeitet.\u00a0Zu diesen Daten geh\u00f6ren Name und E-Mail-Adresse des Kunden sowie im Falle der Erteilung einer Einzugserm\u00e4chtigung oder der Bezahlung mit Kreditkarte auch die Angaben zu seiner Bankverbindung und Kreditkartennummer als Bestandsdaten. Ferner werden Daten \u00fcber Beginn und Ende der Inanspruchnahme der Leistungen sowie der Eingabe der Zugangscodes zur Erfassung der Nutzung verwendet. Diese Nutzungsdaten werden nach vollst\u00e4ndiger Erbringung unserer Hotspot Dienstleistungen gel\u00f6scht. Die Daten werden ausschlie\u00dflich in dem Rechenzentrum des Providers in Hamburg verarbeitet.<\/p><\/div><p><strong>\u00a7 14 Alternative Streitbeilegung in Verbrauchersachen<\/strong><br \/>Gem\u00e4\u00df Art. 14 Abs. 1 ODR-VO weisen wir auf die Plattform der Europ\u00e4ischen Kommission zur Online Streitbeilegung (OS) f\u00fcr Verbraucher hin: <a href=\"http:\/\/ec.europa.eu\/consumers\/odr\/\" target=\"_blank\" rel=\"noopener noreferrer\">http:\/\/ec.europa.eu\/consumers\/odr\/<\/a>.<br \/>Des Weiteren informieren wir Sie gem\u00e4\u00df \u00a7 36 Abs. 1 Nr. 1 VSBG dar\u00fcber, dass wir zu einer Teilnahme an einem Streitbeilegungsverfahren vor einer Verbraucherschlichtungsstelle nicht verpflichtet sind und hierf\u00fcr nicht zur Verf\u00fcgung stehen.<\/p><div class=\"csc-textpic-text\"><p><strong>\u00a7 15 Schlussbestimmungen<\/strong><\/p><p>(1) \u00c4nderungen oder Erg\u00e4nzungen dieser Gesch\u00e4ftsbedingungen bed\u00fcrfen der Schriftform. Dies gilt auch f\u00fcr die Aufhebung dieses Schriftformerfordernisses.<\/p><p>(2) Es gilt das Recht der Bundesrepublik Deutschland. Zwingende Bestimmungen des Staates, in dem Sie Ihren gew\u00f6hnlichen Aufenthalt haben, bleiben unber\u00fchrt.<\/p><p>(3) Sofern Sie keinen allgemeinen Gerichtsstand im Inland haben oder nach Vertragsschluss Ihren Wohnsitz ins Ausland verlegen oder Ihr Wohnsitz zum Zeitpunkt der Klageerhebung nicht bekannt ist, ist Gerichtsstand f\u00fcr alle Streitigkeiten der Sitz unseres Unternehmens in Hamburg.<\/p><p>(4) Sollten einzelne Bestimmungen dieses Vertrages unwirksam sein oder den gesetzlichen Regelungen widersprechen, so wird hierdurch der Vertrag im \u00dcbrigen nicht ber\u00fchrt. Die unwirksame Bestimmung wird von den Vertragsparteien einvernehmlich durch eine rechtswirksame Bestimmung ersetzt, welche dem wirtschaftlichen Sinn und Zweck der unwirksamen Bestimmung am n\u00e4chsten kommt. Die vorstehende Regelung gilt entsprechend bei Regelungsl\u00fccken.<\/p><p><b>LAN1 Hotspots GmbH<\/b><\/p><p>Amtsgericht Hamburg HRB Nr. 118700<\/p><\/div><div class=\"csc-textpic-text\">Gau\u00dfstra\u00dfe 158<\/div><div class=\"csc-textpic-text\">DE 22765 Hamburg<\/div><div class=\"csc-textpic-text\">vertreten durch den Gesch\u00e4ftsf\u00fchrer: J\u00f6rg H\u00fcmmer<\/div><div class=\"csc-textpic-text\"><p>Umsatzsteuer-Identifikationsnummer gem\u00e4\u00df \u00a7 27a UstG: DE277065194<\/p><p><span lang=\"EN-GB\">Tel:\u00a0 <\/span>+49(0)40 \u2013 317 66 66 0<br \/><span lang=\"EN-GB\">E-Mail: <span id=\"eeb-303519-338342\">info@lan1.de<\/span><\/span><br \/>Internet: <a href=\"https:\/\/www.lan1.de\/\">www.lan1.de<\/a><\/p><p>Hamburg, 05.12.2016<\/p><\/div><\/div><\/div><\/div><\/section><\/div>\t\t\t\t\t\t\t\t<\/div>\n\t\t\t\t<\/div>\n\t\t\t\t\t<\/div>\n\t\t<\/div>\n\t\t\t\t\t<\/div>\n\t\t<\/section>\n\t\t\t\t<\/div>\n\t\t","protected":false},"excerpt":{"rendered":"<p>Allgemeine Gesch\u00e4ftsbedingungen f\u00fcr Hotspot Dienstleistungen gegen\u00fcber Privatpersonen (AGB Hotspot Dienstleistungen \u2013 Verbraucher) \u00a7 1 Geltungsbereich (1) Die vorliegenden Gesch\u00e4ftsbedingungen enthalten die zwischen Ihnen und uns, der Firma LAN1 Hotspots GmbH in 22765 Hamburg, Gau\u00dfstra\u00dfe 158 ausschlie\u00dflich geltenden Bedingungen f\u00fcr die Nutzung unserer drahtlosen Zug\u00e4nge zum Internet nach WLAN-Standard (sog. Hotspots), soweit diese nicht durch schriftliche [&hellip;]<\/p>\n","protected":false},"author":1,"featured_media":0,"parent":0,"menu_order":0,"comment_status":"closed","ping_status":"closed","template":"","meta":{"footnotes":""},"class_list":["post-3914","page","type-page","status-publish","hentry"],"yoast_head":"<!-- This site is optimized with the Yoast SEO plugin v27.4 - https:\/\/yoast.com\/product\/yoast-seo-wordpress\/ -->\n<title>AGB - LAN1<\/title>\n<meta name=\"robots\" content=\"index, follow, max-snippet:-1, max-image-preview:large, max-video-preview:-1\" \/>\n<link rel=\"canonical\" href=\"https:\/\/www.lan1.de\/en\/agb\/\" \/>\n<meta property=\"og:locale\" content=\"en_US\" \/>\n<meta property=\"og:type\" content=\"article\" \/>\n<meta property=\"og:title\" content=\"AGB - LAN1\" \/>\n<meta property=\"og:description\" content=\"Allgemeine Gesch\u00e4ftsbedingungen f\u00fcr Hotspot Dienstleistungen gegen\u00fcber Privatpersonen (AGB Hotspot Dienstleistungen \u2013 Verbraucher) \u00a7 1 Geltungsbereich (1) Die vorliegenden Gesch\u00e4ftsbedingungen enthalten die zwischen Ihnen und uns, der Firma LAN1 Hotspots GmbH in 22765 Hamburg, Gau\u00dfstra\u00dfe 158 ausschlie\u00dflich geltenden Bedingungen f\u00fcr die Nutzung unserer drahtlosen Zug\u00e4nge zum Internet nach WLAN-Standard (sog. Hotspots), soweit diese nicht durch schriftliche [&hellip;]\" \/>\n<meta property=\"og:url\" content=\"https:\/\/www.lan1.de\/en\/agb\/\" \/>\n<meta property=\"og:site_name\" content=\"LAN1\" \/>\n<meta name=\"twitter:card\" content=\"summary_large_image\" \/>\n<meta name=\"twitter:label1\" content=\"Est. reading time\" \/>\n\t<meta name=\"twitter:data1\" content=\"8 minutes\" \/>\n<script type=\"application\/ld+json\" class=\"yoast-schema-graph\">{\"@context\":\"https:\\\/\\\/schema.org\",\"@graph\":[{\"@type\":\"WebPage\",\"@id\":\"https:\\\/\\\/www.lan1.de\\\/en\\\/agb\\\/\",\"url\":\"https:\\\/\\\/www.lan1.de\\\/en\\\/agb\\\/\",\"name\":\"AGB - LAN1\",\"isPartOf\":{\"@id\":\"https:\\\/\\\/www.lan1.de\\\/en\\\/#website\"},\"datePublished\":\"2022-03-07T11:27:56+00:00\",\"breadcrumb\":{\"@id\":\"https:\\\/\\\/www.lan1.de\\\/en\\\/agb\\\/#breadcrumb\"},\"inLanguage\":\"en-US\",\"potentialAction\":[{\"@type\":\"ReadAction\",\"target\":[\"https:\\\/\\\/www.lan1.de\\\/en\\\/agb\\\/\"]}]},{\"@type\":\"BreadcrumbList\",\"@id\":\"https:\\\/\\\/www.lan1.de\\\/en\\\/agb\\\/#breadcrumb\",\"itemListElement\":[{\"@type\":\"ListItem\",\"position\":1,\"name\":\"Startseite\",\"item\":\"https:\\\/\\\/www.lan1.de\\\/en\\\/\"},{\"@type\":\"ListItem\",\"position\":2,\"name\":\"AGB\"}]},{\"@type\":\"WebSite\",\"@id\":\"https:\\\/\\\/www.lan1.de\\\/en\\\/#website\",\"url\":\"https:\\\/\\\/www.lan1.de\\\/en\\\/\",\"name\":\"LAN1\",\"description\":\"Your partner for WLAN, E-Mobility, Smart Room &amp; Digital Signage\",\"publisher\":{\"@id\":\"https:\\\/\\\/www.lan1.de\\\/en\\\/#organization\"},\"potentialAction\":[{\"@type\":\"SearchAction\",\"target\":{\"@type\":\"EntryPoint\",\"urlTemplate\":\"https:\\\/\\\/www.lan1.de\\\/en\\\/?s={search_term_string}\"},\"query-input\":{\"@type\":\"PropertyValueSpecification\",\"valueRequired\":true,\"valueName\":\"search_term_string\"}}],\"inLanguage\":\"en-US\"},{\"@type\":\"Organization\",\"@id\":\"https:\\\/\\\/www.lan1.de\\\/en\\\/#organization\",\"name\":\"LAN1 Hotspots GmbH\",\"url\":\"https:\\\/\\\/www.lan1.de\\\/en\\\/\",\"logo\":{\"@type\":\"ImageObject\",\"inLanguage\":\"en-US\",\"@id\":\"https:\\\/\\\/www.lan1.de\\\/en\\\/#\\\/schema\\\/logo\\\/image\\\/\",\"url\":\"https:\\\/\\\/www.lan1.de\\\/wp-content\\\/uploads\\\/2022\\\/10\\\/cropped-LAN1-Logo-Website.png\",\"contentUrl\":\"https:\\\/\\\/www.lan1.de\\\/wp-content\\\/uploads\\\/2022\\\/10\\\/cropped-LAN1-Logo-Website.png\",\"width\":777,\"height\":300,\"caption\":\"LAN1 Hotspots GmbH\"},\"image\":{\"@id\":\"https:\\\/\\\/www.lan1.de\\\/en\\\/#\\\/schema\\\/logo\\\/image\\\/\"},\"sameAs\":[\"https:\\\/\\\/www.linkedin.com\\\/company\\\/lan1\\\/\"]}]}<\/script>\n<!-- \/ Yoast SEO plugin. -->","yoast_head_json":{"title":"AGB - LAN1","robots":{"index":"index","follow":"follow","max-snippet":"max-snippet:-1","max-image-preview":"max-image-preview:large","max-video-preview":"max-video-preview:-1"},"canonical":"https:\/\/www.lan1.de\/en\/agb\/","og_locale":"en_US","og_type":"article","og_title":"AGB - LAN1","og_description":"Allgemeine Gesch\u00e4ftsbedingungen f\u00fcr Hotspot Dienstleistungen gegen\u00fcber Privatpersonen (AGB Hotspot Dienstleistungen \u2013 Verbraucher) \u00a7 1 Geltungsbereich (1) Die vorliegenden Gesch\u00e4ftsbedingungen enthalten die zwischen Ihnen und uns, der Firma LAN1 Hotspots GmbH in 22765 Hamburg, Gau\u00dfstra\u00dfe 158 ausschlie\u00dflich geltenden Bedingungen f\u00fcr die Nutzung unserer drahtlosen Zug\u00e4nge zum Internet nach WLAN-Standard (sog. Hotspots), soweit diese nicht durch schriftliche [&hellip;]","og_url":"https:\/\/www.lan1.de\/en\/agb\/","og_site_name":"LAN1","twitter_card":"summary_large_image","twitter_misc":{"Est. reading time":"8 minutes"},"schema":{"@context":"https:\/\/schema.org","@graph":[{"@type":"WebPage","@id":"https:\/\/www.lan1.de\/en\/agb\/","url":"https:\/\/www.lan1.de\/en\/agb\/","name":"AGB - LAN1","isPartOf":{"@id":"https:\/\/www.lan1.de\/en\/#website"},"datePublished":"2022-03-07T11:27:56+00:00","breadcrumb":{"@id":"https:\/\/www.lan1.de\/en\/agb\/#breadcrumb"},"inLanguage":"en-US","potentialAction":[{"@type":"ReadAction","target":["https:\/\/www.lan1.de\/en\/agb\/"]}]},{"@type":"BreadcrumbList","@id":"https:\/\/www.lan1.de\/en\/agb\/#breadcrumb","itemListElement":[{"@type":"ListItem","position":1,"name":"Startseite","item":"https:\/\/www.lan1.de\/en\/"},{"@type":"ListItem","position":2,"name":"AGB"}]},{"@type":"WebSite","@id":"https:\/\/www.lan1.de\/en\/#website","url":"https:\/\/www.lan1.de\/en\/","name":"LAN1","description":"Your partner for WLAN, E-Mobility, Smart Room &amp; Digital Signage","publisher":{"@id":"https:\/\/www.lan1.de\/en\/#organization"},"potentialAction":[{"@type":"SearchAction","target":{"@type":"EntryPoint","urlTemplate":"https:\/\/www.lan1.de\/en\/?s={search_term_string}"},"query-input":{"@type":"PropertyValueSpecification","valueRequired":true,"valueName":"search_term_string"}}],"inLanguage":"en-US"},{"@type":"Organization","@id":"https:\/\/www.lan1.de\/en\/#organization","name":"LAN1 Hotspots GmbH","url":"https:\/\/www.lan1.de\/en\/","logo":{"@type":"ImageObject","inLanguage":"en-US","@id":"https:\/\/www.lan1.de\/en\/#\/schema\/logo\/image\/","url":"https:\/\/www.lan1.de\/wp-content\/uploads\/2022\/10\/cropped-LAN1-Logo-Website.png","contentUrl":"https:\/\/www.lan1.de\/wp-content\/uploads\/2022\/10\/cropped-LAN1-Logo-Website.png","width":777,"height":300,"caption":"LAN1 Hotspots GmbH"},"image":{"@id":"https:\/\/www.lan1.de\/en\/#\/schema\/logo\/image\/"},"sameAs":["https:\/\/www.linkedin.com\/company\/lan1\/"]}]}},"_links":{"self":[{"href":"https:\/\/www.lan1.de\/en\/wp-json\/wp\/v2\/pages\/3914","targetHints":{"allow":["GET"]}}],"collection":[{"href":"https:\/\/www.lan1.de\/en\/wp-json\/wp\/v2\/pages"}],"about":[{"href":"https:\/\/www.lan1.de\/en\/wp-json\/wp\/v2\/types\/page"}],"author":[{"embeddable":true,"href":"https:\/\/www.lan1.de\/en\/wp-json\/wp\/v2\/users\/1"}],"replies":[{"embeddable":true,"href":"https:\/\/www.lan1.de\/en\/wp-json\/wp\/v2\/comments?post=3914"}],"version-history":[{"count":0,"href":"https:\/\/www.lan1.de\/en\/wp-json\/wp\/v2\/pages\/3914\/revisions"}],"wp:attachment":[{"href":"https:\/\/www.lan1.de\/en\/wp-json\/wp\/v2\/media?parent=3914"}],"curies":[{"name":"wp","href":"https:\/\/api.w.org\/{rel}","templated":true}]}}